{"id":1748,"date":"2020-08-02T14:54:41","date_gmt":"2020-08-02T12:54:41","guid":{"rendered":"https:\/\/editions-n-et-b.org\/wp\/?page_id=1748"},"modified":"2024-12-04T14:00:06","modified_gmt":"2024-12-04T13:00:06","slug":"piris-mireille-une-etrange-modernite","status":"publish","type":"page","link":"https:\/\/editions-n-et-b.org\/wp\/piris-mireille-une-etrange-modernite\/","title":{"rendered":"PIRIS Mireille \u2013 UNE \u00c9TRANGE MODERNIT\u00c9"},"content":{"rendered":"\t\t<div data-elementor-type=\"wp-page\" data-elementor-id=\"1748\" class=\"elementor elementor-1748\" data-elementor-settings=\"[]\">\n\t\t\t\t\t\t<div class=\"elementor-inner\">\n\t\t\t\t\t\t\t<div class=\"elementor-section-wrap\">\n\t\t\t\t\t\t\t<section class=\"elementor-section elementor-top-section elementor-element elementor-element-f43a237 elementor-section-boxed elementor-section-height-default elementor-section-height-default\" data-id=\"f43a237\" data-element_type=\"section\">\n\t\t\t\t\t\t<div class=\"elementor-container elementor-column-gap-default\">\n\t\t\t\t\t\t\t<div class=\"elementor-row\">\n\t\t\t\t\t<div class=\"elementor-column elementor-col-100 elementor-top-column elementor-element elementor-element-3749c89\" data-id=\"3749c89\" data-element_type=\"column\">\n\t\t\t<div class=\"elementor-column-wrap elementor-element-populated\">\n\t\t\t\t\t\t\t<div class=\"elementor-widget-wrap\">\n\t\t\t\t\t\t<div class=\"elementor-element elementor-element-f603b15 elementor-widget elementor-widget-text-editor\" data-id=\"f603b15\" data-element_type=\"widget\" data-widget_type=\"text-editor.default\">\n\t\t\t\t<div class=\"elementor-widget-container\">\n\t\t\t\t\t\t\t\t<div class=\"elementor-text-editor elementor-clearfix\">\n\t\t\t\t<h1 style=\"text-align: center;\">UNE \u00c9TRANGE MODERNIT\u00c9 \u2013 Mireille Piris<\/h1>\t\t\t\t\t<\/div>\n\t\t\t\t\t\t<\/div>\n\t\t\t\t<\/div>\n\t\t\t\t\t\t<\/div>\n\t\t\t\t\t<\/div>\n\t\t<\/div>\n\t\t\t\t\t\t\t\t<\/div>\n\t\t\t\t\t<\/div>\n\t\t<\/section>\n\t\t\t\t<section class=\"elementor-section elementor-top-section elementor-element elementor-element-8fd2648 elementor-section-boxed elementor-section-height-default elementor-section-height-default\" data-id=\"8fd2648\" data-element_type=\"section\">\n\t\t\t\t\t\t<div class=\"elementor-container elementor-column-gap-default\">\n\t\t\t\t\t\t\t<div class=\"elementor-row\">\n\t\t\t\t\t<div class=\"elementor-column elementor-col-50 elementor-top-column elementor-element elementor-element-187a294\" data-id=\"187a294\" data-element_type=\"column\">\n\t\t\t<div class=\"elementor-column-wrap elementor-element-populated\">\n\t\t\t\t\t\t\t<div class=\"elementor-widget-wrap\">\n\t\t\t\t\t\t<div class=\"elementor-element elementor-element-48ce8ae elementor-widget elementor-widget-image\" data-id=\"48ce8ae\" data-element_type=\"widget\" data-widget_type=\"image.default\">\n\t\t\t\t<div class=\"elementor-widget-container\">\n\t\t\t\t\t\t\t\t<div class=\"elementor-image\">\n\t\t\t\t\t\t\t\t\t\t\t\t\t<a href=\"https:\/\/editions-n-et-b.org\/wp\/wp-content\/uploads\/2021\/12\/nb-piris-mireille-une-etrange-modernite.jpg\" data-elementor-open-lightbox=\"yes\">\n\t\t\t\t\t\t\t<img src=\"https:\/\/editions-n-et-b.org\/wp\/wp-content\/uploads\/elementor\/thumbs\/nb-piris-mireille-une-etrange-modernite-ph0x9qvygmqyx9uk8necyhhrz2hk17c4qodm1e6eby.jpg\" title=\"N&#038;B PIRIS Mireille UNE ETRANGE MODERNITE\" alt=\"N&amp;B PIRIS Mireille UNE ETRANGE MODERNITE\" \/>\t\t\t\t\t\t\t\t<\/a>\n\t\t\t\t\t\t\t\t\t\t\t\t\t\t<\/div>\n\t\t\t\t\t\t<\/div>\n\t\t\t\t<\/div>\n\t\t\t\t<div class=\"elementor-element elementor-element-11d4a83 elementor-widget elementor-widget-text-editor\" data-id=\"11d4a83\" data-element_type=\"widget\" data-widget_type=\"text-editor.default\">\n\t\t\t\t<div class=\"elementor-widget-container\">\n\t\t\t\t\t\t\t\t<div class=\"elementor-text-editor elementor-clearfix\">\n\t\t\t\t<h4><span style=\"color: #333333;\">2019 \u2013 142 pages \u2013 15 \u20ac<\/span><br \/><span style=\"color: #333333;\">ISBN\u00a0 978-2-911241-99-4<\/span><\/h4>\t\t\t\t\t<\/div>\n\t\t\t\t\t\t<\/div>\n\t\t\t\t<\/div>\n\t\t\t\t<div class=\"elementor-element elementor-element-60c6430 elementor-align-center elementor-widget elementor-widget-button\" data-id=\"60c6430\" data-element_type=\"widget\" data-widget_type=\"button.default\">\n\t\t\t\t<div class=\"elementor-widget-container\">\n\t\t\t\t\t<div class=\"elementor-button-wrapper\">\n\t\t\t<a href=\"\/wp\/03-commander\/\" target=\"_blank\" class=\"elementor-button-link elementor-button elementor-size-sm elementor-animation-shrink\" role=\"button\">\n\t\t\t\t\t\t<span class=\"elementor-button-content-wrapper\">\n\t\t\t\t\t\t<span class=\"elementor-button-icon elementor-align-icon-left\">\n\t\t\t\t<i aria-hidden=\"true\" class=\"fab fa-shopware\"><\/i>\t\t\t<\/span>\n\t\t\t\t\t\t<span class=\"elementor-button-text\">Commander<\/span>\n\t\t<\/span>\n\t\t\t\t\t<\/a>\n\t\t<\/div>\n\t\t\t\t<\/div>\n\t\t\t\t<\/div>\n\t\t\t\t\t\t<\/div>\n\t\t\t\t\t<\/div>\n\t\t<\/div>\n\t\t\t\t<div class=\"elementor-column elementor-col-50 elementor-top-column elementor-element elementor-element-527f940\" data-id=\"527f940\" data-element_type=\"column\">\n\t\t\t<div class=\"elementor-column-wrap elementor-element-populated\">\n\t\t\t\t\t\t\t<div class=\"elementor-widget-wrap\">\n\t\t\t\t\t\t<div class=\"elementor-element elementor-element-6414098 elementor-widget elementor-widget-text-editor\" data-id=\"6414098\" data-element_type=\"widget\" data-widget_type=\"text-editor.default\">\n\t\t\t\t<div class=\"elementor-widget-container\">\n\t\t\t\t\t\t\t\t<div class=\"elementor-text-editor elementor-clearfix\">\n\t\t\t\t<p><span style=\"color: #333333;\">D\u2019une vie \u00e0 l\u2019autre, des situations intimes ou sociales, des rencontres improbables, des amours passag\u00e8res, bien ancr\u00e9es dans le r\u00e9el, traduites dans une langue juste et vigoureuse et d\u00e9crivant avec un \u00e9gal bonheur sentiments et paysages. Mireille Piris met souvent en sc\u00e8ne des \u00ab caboss\u00e9s de la vie \u00bb tout en leur offrant des fen\u00eatres ouvertes sur le monde, des aventures d\u2019humanit\u00e9. Et, pour peu que l\u2019art se m\u00eale \u00e0 leurs destins, l\u2019espoir est l\u00e0, comme \u00ab un vrai No\u00ebl de mai \u00bb.<\/span><br \/><span style=\"color: #333333;\">Un optimisme renforc\u00e9 par l\u2019\u00e9picurisme de l\u2019auteure qui nous entra\u00eene dans ses univers aux saveurs color\u00e9es.<\/span><\/p>\t\t\t\t\t<\/div>\n\t\t\t\t\t\t<\/div>\n\t\t\t\t<\/div>\n\t\t\t\t\t\t<\/div>\n\t\t\t\t\t<\/div>\n\t\t<\/div>\n\t\t\t\t\t\t\t\t<\/div>\n\t\t\t\t\t<\/div>\n\t\t<\/section>\n\t\t\t\t<section class=\"elementor-section elementor-top-section elementor-element elementor-element-a17e6d9 elementor-section-boxed elementor-section-height-default elementor-section-height-default\" data-id=\"a17e6d9\" data-element_type=\"section\">\n\t\t\t\t\t\t<div class=\"elementor-container elementor-column-gap-default\">\n\t\t\t\t\t\t\t<div class=\"elementor-row\">\n\t\t\t\t\t<div class=\"elementor-column elementor-col-100 elementor-top-column elementor-element elementor-element-526e5ea\" data-id=\"526e5ea\" data-element_type=\"column\">\n\t\t\t<div class=\"elementor-column-wrap elementor-element-populated\">\n\t\t\t\t\t\t\t<div class=\"elementor-widget-wrap\">\n\t\t\t\t\t\t<div class=\"elementor-element elementor-element-f8d6b84 elementor-widget-divider--view-line elementor-widget elementor-widget-divider\" data-id=\"f8d6b84\" data-element_type=\"widget\" data-widget_type=\"divider.default\">\n\t\t\t\t<div class=\"elementor-widget-container\">\n\t\t\t\t\t<div class=\"elementor-divider\">\n\t\t\t<span class=\"elementor-divider-separator\">\n\t\t\t\t\t\t<\/span>\n\t\t<\/div>\n\t\t\t\t<\/div>\n\t\t\t\t<\/div>\n\t\t\t\t\t\t<\/div>\n\t\t\t\t\t<\/div>\n\t\t<\/div>\n\t\t\t\t\t\t\t\t<\/div>\n\t\t\t\t\t<\/div>\n\t\t<\/section>\n\t\t\t\t<section class=\"elementor-section elementor-top-section elementor-element elementor-element-16a619c elementor-section-boxed elementor-section-height-default elementor-section-height-default\" data-id=\"16a619c\" data-element_type=\"section\">\n\t\t\t\t\t\t<div class=\"elementor-container elementor-column-gap-default\">\n\t\t\t\t\t\t\t<div class=\"elementor-row\">\n\t\t\t\t\t<div class=\"elementor-column elementor-col-50 elementor-top-column elementor-element elementor-element-d20e766\" data-id=\"d20e766\" data-element_type=\"column\">\n\t\t\t<div class=\"elementor-column-wrap elementor-element-populated\">\n\t\t\t\t\t\t\t<div class=\"elementor-widget-wrap\">\n\t\t\t\t\t\t<div class=\"elementor-element elementor-element-5d7fa21 elementor-widget elementor-widget-text-editor\" data-id=\"5d7fa21\" data-element_type=\"widget\" data-widget_type=\"text-editor.default\">\n\t\t\t\t<div class=\"elementor-widget-container\">\n\t\t\t\t\t\t\t\t<div class=\"elementor-text-editor elementor-clearfix\">\n\t\t\t\t<p><span style=\"color: #333333;\"><strong>Mireille Piris<\/strong> est n\u00e9e en 1946 \u00e0 Blida en Alg\u00e9rie. De nombreux \u00e9crits jalonnent sa vie professionnelle de com\u00e9dienne, chanteuse, animatrice culturelle, psychodramatiste, formatrice-conseil. Elle pratique une \u00e9criture privil\u00e9giant les formes courtes, fragments, prose po\u00e9tique, nouvelles. Elle vit aujourd&rsquo;hui\u00a0en Dr\u00f4me proven\u00e7ale.<\/span><\/p><p><span style=\"color: #333333;\"><strong>Autre publication chez N&amp;B :<\/strong><\/span><\/p><p><span style=\"color: #333333;\"> <a href=\"\/wp\/piris-mireille-boulevard-des-orangers\/\">BOULEVARD DES ORANGERS<\/a>, 2017 \u2013\u00a0<a href=\"\/wp\/mireille-piris-julotte-roche-deux-qui-lisaient-la-mer\/\">DEUX, QUI LISAIENT LA MER<\/a>, 2024.<\/span><\/p>\t\t\t\t\t<\/div>\n\t\t\t\t\t\t<\/div>\n\t\t\t\t<\/div>\n\t\t\t\t\t\t<\/div>\n\t\t\t\t\t<\/div>\n\t\t<\/div>\n\t\t\t\t<div class=\"elementor-column elementor-col-50 elementor-top-column elementor-element elementor-element-7c887e7\" data-id=\"7c887e7\" data-element_type=\"column\">\n\t\t\t<div class=\"elementor-column-wrap elementor-element-populated\">\n\t\t\t\t\t\t\t<div class=\"elementor-widget-wrap\">\n\t\t\t\t\t\t<div class=\"elementor-element elementor-element-293459d elementor-widget elementor-widget-image\" data-id=\"293459d\" data-element_type=\"widget\" data-widget_type=\"image.default\">\n\t\t\t\t<div class=\"elementor-widget-container\">\n\t\t\t\t\t\t\t\t<div class=\"elementor-image\">\n\t\t\t\t\t\t\t\t\t<figure class=\"wp-caption\">\n\t\t\t\t\t\t\t\t\t\t<img width=\"1024\" height=\"1024\" src=\"https:\/\/editions-n-et-b.org\/wp\/wp-content\/uploads\/2021\/12\/nb-piris-mireille-2-1024x1024.jpg\" class=\"attachment-large size-large\" alt=\"\" loading=\"lazy\" srcset=\"https:\/\/editions-n-et-b.org\/wp\/wp-content\/uploads\/2021\/12\/nb-piris-mireille-2-1024x1024.jpg 1024w, https:\/\/editions-n-et-b.org\/wp\/wp-content\/uploads\/2021\/12\/nb-piris-mireille-2-300x300.jpg 300w, https:\/\/editions-n-et-b.org\/wp\/wp-content\/uploads\/2021\/12\/nb-piris-mireille-2-150x150.jpg 150w, https:\/\/editions-n-et-b.org\/wp\/wp-content\/uploads\/2021\/12\/nb-piris-mireille-2-768x768.jpg 768w, https:\/\/editions-n-et-b.org\/wp\/wp-content\/uploads\/2021\/12\/nb-piris-mireille-2.jpg 1365w\" sizes=\"(max-width: 1024px) 100vw, 1024px\" \/>\t\t\t\t\t\t\t\t\t\t\t<figcaption class=\"widget-image-caption wp-caption-text\"><\/figcaption>\n\t\t\t\t\t\t\t\t\t\t<\/figure>\n\t\t\t\t\t\t\t\t<\/div>\n\t\t\t\t\t\t<\/div>\n\t\t\t\t<\/div>\n\t\t\t\t\t\t<\/div>\n\t\t\t\t\t<\/div>\n\t\t<\/div>\n\t\t\t\t\t\t\t\t<\/div>\n\t\t\t\t\t<\/div>\n\t\t<\/section>\n\t\t\t\t<section class=\"elementor-section elementor-top-section elementor-element elementor-element-03894d5 elementor-section-boxed elementor-section-height-default elementor-section-height-default\" data-id=\"03894d5\" data-element_type=\"section\">\n\t\t\t\t\t\t<div class=\"elementor-container elementor-column-gap-default\">\n\t\t\t\t\t\t\t<div class=\"elementor-row\">\n\t\t\t\t\t<div class=\"elementor-column elementor-col-100 elementor-top-column elementor-element elementor-element-3637445\" data-id=\"3637445\" data-element_type=\"column\">\n\t\t\t<div class=\"elementor-column-wrap elementor-element-populated\">\n\t\t\t\t\t\t\t<div class=\"elementor-widget-wrap\">\n\t\t\t\t\t\t<div class=\"elementor-element elementor-element-248e4a3 elementor-widget-divider--view-line elementor-widget elementor-widget-divider\" data-id=\"248e4a3\" data-element_type=\"widget\" data-widget_type=\"divider.default\">\n\t\t\t\t<div class=\"elementor-widget-container\">\n\t\t\t\t\t<div class=\"elementor-divider\">\n\t\t\t<span class=\"elementor-divider-separator\">\n\t\t\t\t\t\t<\/span>\n\t\t<\/div>\n\t\t\t\t<\/div>\n\t\t\t\t<\/div>\n\t\t\t\t\t\t<\/div>\n\t\t\t\t\t<\/div>\n\t\t<\/div>\n\t\t\t\t\t\t\t\t<\/div>\n\t\t\t\t\t<\/div>\n\t\t<\/section>\n\t\t\t\t<section class=\"elementor-section elementor-top-section elementor-element elementor-element-34f9ea3 elementor-section-boxed elementor-section-height-default elementor-section-height-default\" data-id=\"34f9ea3\" data-element_type=\"section\">\n\t\t\t\t\t\t<div class=\"elementor-container elementor-column-gap-default\">\n\t\t\t\t\t\t\t<div class=\"elementor-row\">\n\t\t\t\t\t<div class=\"elementor-column elementor-col-50 elementor-top-column elementor-element elementor-element-b75b859\" data-id=\"b75b859\" data-element_type=\"column\">\n\t\t\t<div class=\"elementor-column-wrap elementor-element-populated\">\n\t\t\t\t\t\t\t<div class=\"elementor-widget-wrap\">\n\t\t\t\t\t\t<div class=\"elementor-element elementor-element-0df31d0 elementor-button-info elementor-align-left elementor-widget__width-auto elementor-widget elementor-widget-button\" data-id=\"0df31d0\" data-element_type=\"widget\" data-widget_type=\"button.default\">\n\t\t\t\t<div class=\"elementor-widget-container\">\n\t\t\t\t\t<div class=\"elementor-button-wrapper\">\n\t\t\t<a href=\"\/wp\/piris-mireille-presse\/\" class=\"elementor-button-link elementor-button elementor-size-sm\" role=\"button\">\n\t\t\t\t\t\t<span class=\"elementor-button-content-wrapper\">\n\t\t\t\t\t\t<span class=\"elementor-button-icon elementor-align-icon-left\">\n\t\t\t\t<i aria-hidden=\"true\" class=\"far fa-newspaper\"><\/i>\t\t\t<\/span>\n\t\t\t\t\t\t<span class=\"elementor-button-text\">Articles de Presse<\/span>\n\t\t<\/span>\n\t\t\t\t\t<\/a>\n\t\t<\/div>\n\t\t\t\t<\/div>\n\t\t\t\t<\/div>\n\t\t\t\t\t\t<\/div>\n\t\t\t\t\t<\/div>\n\t\t<\/div>\n\t\t\t\t<div class=\"elementor-column elementor-col-50 elementor-top-column elementor-element elementor-element-a5e40e1\" data-id=\"a5e40e1\" data-element_type=\"column\">\n\t\t\t<div class=\"elementor-column-wrap\">\n\t\t\t\t\t\t\t<div class=\"elementor-widget-wrap\">\n\t\t\t\t\t\t\t\t<\/div>\n\t\t\t\t\t<\/div>\n\t\t<\/div>\n\t\t\t\t\t\t\t\t<\/div>\n\t\t\t\t\t<\/div>\n\t\t<\/section>\n\t\t\t\t<section class=\"elementor-section elementor-top-section elementor-element elementor-element-7483837 elementor-section-boxed elementor-section-height-default elementor-section-height-default\" data-id=\"7483837\" data-element_type=\"section\">\n\t\t\t\t\t\t<div class=\"elementor-container elementor-column-gap-default\">\n\t\t\t\t\t\t\t<div class=\"elementor-row\">\n\t\t\t\t\t<div class=\"elementor-column elementor-col-100 elementor-top-column elementor-element elementor-element-de7e29e\" data-id=\"de7e29e\" data-element_type=\"column\">\n\t\t\t<div class=\"elementor-column-wrap elementor-element-populated\">\n\t\t\t\t\t\t\t<div class=\"elementor-widget-wrap\">\n\t\t\t\t\t\t<div class=\"elementor-element elementor-element-301e32e elementor-widget-divider--view-line elementor-widget elementor-widget-divider\" data-id=\"301e32e\" data-element_type=\"widget\" data-widget_type=\"divider.default\">\n\t\t\t\t<div class=\"elementor-widget-container\">\n\t\t\t\t\t<div class=\"elementor-divider\">\n\t\t\t<span class=\"elementor-divider-separator\">\n\t\t\t\t\t\t<\/span>\n\t\t<\/div>\n\t\t\t\t<\/div>\n\t\t\t\t<\/div>\n\t\t\t\t\t\t<\/div>\n\t\t\t\t\t<\/div>\n\t\t<\/div>\n\t\t\t\t\t\t\t\t<\/div>\n\t\t\t\t\t<\/div>\n\t\t<\/section>\n\t\t\t\t<section class=\"elementor-section elementor-top-section elementor-element elementor-element-3c15128 elementor-section-boxed elementor-section-height-default elementor-section-height-default\" data-id=\"3c15128\" data-element_type=\"section\">\n\t\t\t\t\t\t<div class=\"elementor-container elementor-column-gap-default\">\n\t\t\t\t\t\t\t<div class=\"elementor-row\">\n\t\t\t\t\t<div class=\"elementor-column elementor-col-100 elementor-top-column elementor-element elementor-element-d7920e5\" data-id=\"d7920e5\" data-element_type=\"column\">\n\t\t\t<div class=\"elementor-column-wrap elementor-element-populated\">\n\t\t\t\t\t\t\t<div class=\"elementor-widget-wrap\">\n\t\t\t\t\t\t<div class=\"elementor-element elementor-element-dbb3bf9 elementor-widget elementor-widget-shortcode\" data-id=\"dbb3bf9\" data-element_type=\"widget\" data-widget_type=\"shortcode.default\">\n\t\t\t\t<div class=\"elementor-widget-container\">\n\t\t\t\t\t<div class=\"elementor-shortcode\"><div class=\"dp-element dp-lite\"  data-slug=\"nb-extrait-une-etrange-modernite\" data-_slug=\"nb-extrait-une-etrange-modernite\" data-title=\"nb-extrait-une-etrange-modernite\" id=\"dp_5968\" data-option=\"dp_option_5968\" ><\/div><script class=\"dp-shortcode-script\" type=\"application\/javascript\">window.dp_option_5968 = {\"source\":\"https:\\\/\\\/editions-n-et-b.org\\\/wp\\\/wp-content\\\/uploads\\\/2022\\\/01\\\/NB-Extrait-UNE-ETRANGE-MODERNITE.pdf\",\"viewerType\":\"flipbook\",\"showDownloadControl\":false,\"disableRange\":false,\"slug\":\"nb-extrait-une-etrange-modernite\",\"id\":5968}; if(window.DEARPDF && window.DEARPDF.parseElements){window.DEARPDF.parseElements();}<\/script> <\/div>\n\t\t\t\t<\/div>\n\t\t\t\t<\/div>\n\t\t\t\t\t\t<\/div>\n\t\t\t\t\t<\/div>\n\t\t<\/div>\n\t\t\t\t\t\t\t\t<\/div>\n\t\t\t\t\t<\/div>\n\t\t<\/section>\n\t\t\t\t<section class=\"elementor-section elementor-top-section elementor-element elementor-element-76155df2 elementor-section-boxed elementor-section-height-default elementor-section-height-default\" data-id=\"76155df2\" data-element_type=\"section\">\n\t\t\t\t\t\t<div class=\"elementor-container elementor-column-gap-default\">\n\t\t\t\t\t\t\t<div class=\"elementor-row\">\n\t\t\t\t\t<div class=\"elementor-column elementor-col-100 elementor-top-column elementor-element elementor-element-326d2674\" data-id=\"326d2674\" data-element_type=\"column\">\n\t\t\t<div class=\"elementor-column-wrap elementor-element-populated\">\n\t\t\t\t\t\t\t<div class=\"elementor-widget-wrap\">\n\t\t\t\t\t\t<div class=\"elementor-element elementor-element-3033347a elementor-widget elementor-widget-spacer\" data-id=\"3033347a\" data-element_type=\"widget\" data-widget_type=\"spacer.default\">\n\t\t\t\t<div class=\"elementor-widget-container\">\n\t\t\t\t\t<div class=\"elementor-spacer\">\n\t\t\t<div class=\"elementor-spacer-inner\"><\/div>\n\t\t<\/div>\n\t\t\t\t<\/div>\n\t\t\t\t<\/div>\n\t\t\t\t\t\t<\/div>\n\t\t\t\t\t<\/div>\n\t\t<\/div>\n\t\t\t\t\t\t\t\t<\/div>\n\t\t\t\t\t<\/div>\n\t\t<\/section>\n\t\t\t\t<section class=\"elementor-section elementor-top-section elementor-element elementor-element-770b3281 elementor-section-boxed elementor-section-height-default elementor-section-height-default\" data-id=\"770b3281\" data-element_type=\"section\">\n\t\t\t\t\t\t<div class=\"elementor-container elementor-column-gap-default\">\n\t\t\t\t\t\t\t<div class=\"elementor-row\">\n\t\t\t\t\t<div class=\"elementor-column elementor-col-50 elementor-top-column elementor-element elementor-element-3e38fea0\" data-id=\"3e38fea0\" data-element_type=\"column\">\n\t\t\t<div class=\"elementor-column-wrap elementor-element-populated\">\n\t\t\t\t\t\t\t<div class=\"elementor-widget-wrap\">\n\t\t\t\t\t\t<div class=\"elementor-element elementor-element-2f832ed7 elementor-view-default elementor-widget elementor-widget-icon\" data-id=\"2f832ed7\" data-element_type=\"widget\" data-widget_type=\"icon.default\">\n\t\t\t\t<div class=\"elementor-widget-container\">\n\t\t\t\t\t<div class=\"elementor-icon-wrapper\">\n\t\t\t<a class=\"elementor-icon\" href=\"\/wp\/bejaoui-elyssa-les-noyes\/\">\n\t\t\t<i aria-hidden=\"true\" class=\"fas fa-angle-left\"><\/i>\t\t\t<\/a>\n\t\t<\/div>\n\t\t\t\t<\/div>\n\t\t\t\t<\/div>\n\t\t\t\t\t\t<\/div>\n\t\t\t\t\t<\/div>\n\t\t<\/div>\n\t\t\t\t<div class=\"elementor-column elementor-col-50 elementor-top-column elementor-element elementor-element-787c737a\" data-id=\"787c737a\" data-element_type=\"column\">\n\t\t\t<div class=\"elementor-column-wrap elementor-element-populated\">\n\t\t\t\t\t\t\t<div class=\"elementor-widget-wrap\">\n\t\t\t\t\t\t<div class=\"elementor-element elementor-element-75114865 elementor-view-default elementor-widget elementor-widget-icon\" data-id=\"75114865\" data-element_type=\"widget\" data-widget_type=\"icon.default\">\n\t\t\t\t<div class=\"elementor-widget-container\">\n\t\t\t\t\t<div class=\"elementor-icon-wrapper\">\n\t\t\t<a class=\"elementor-icon\" href=\"\/wp\/trogadis-antigone-le-rire-amer-daristophane-2\/\">\n\t\t\t<i aria-hidden=\"true\" class=\"fas fa-angle-right\"><\/i>\t\t\t<\/a>\n\t\t<\/div>\n\t\t\t\t<\/div>\n\t\t\t\t<\/div>\n\t\t\t\t\t\t<\/div>\n\t\t\t\t\t<\/div>\n\t\t<\/div>\n\t\t\t\t\t\t\t\t<\/div>\n\t\t\t\t\t<\/div>\n\t\t<\/section>\n\t\t\t\t\t\t<\/div>\n\t\t\t\t\t\t<\/div>\n\t\t\t\t\t<\/div>\n\t\t","protected":false},"excerpt":{"rendered":"<p>UNE \u00c9TRANGE MODERNIT\u00c9 \u2013 Mireille Piris 2019 \u2013 142 pages \u2013 15 \u20acISBN\u00a0 978-2-911241-99-4 Commander D\u2019une vie \u00e0 l\u2019autre, des situations intimes ou sociales, des rencontres improbables, des amours passag\u00e8res, bien ancr\u00e9es dans le r\u00e9el, traduites dans une langue juste et vigoureuse et d\u00e9crivant avec un \u00e9gal bonheur sentiments et paysages. Mireille Piris met souvent [&hellip;]<\/p>\n","protected":false},"author":1,"featured_media":0,"parent":0,"menu_order":0,"comment_status":"closed","ping_status":"closed","template":"","meta":[],"_links":{"self":[{"href":"https:\/\/editions-n-et-b.org\/wp\/wp-json\/wp\/v2\/pages\/1748"}],"collection":[{"href":"https:\/\/editions-n-et-b.org\/wp\/wp-json\/wp\/v2\/pages"}],"about":[{"href":"https:\/\/editions-n-et-b.org\/wp\/wp-json\/wp\/v2\/types\/page"}],"author":[{"embeddable":true,"href":"https:\/\/editions-n-et-b.org\/wp\/wp-json\/wp\/v2\/users\/1"}],"replies":[{"embeddable":true,"href":"https:\/\/editions-n-et-b.org\/wp\/wp-json\/wp\/v2\/comments?post=1748"}],"version-history":[{"count":3,"href":"https:\/\/editions-n-et-b.org\/wp\/wp-json\/wp\/v2\/pages\/1748\/revisions"}],"predecessor-version":[{"id":11924,"href":"https:\/\/editions-n-et-b.org\/wp\/wp-json\/wp\/v2\/pages\/1748\/revisions\/11924"}],"wp:attachment":[{"href":"https:\/\/editions-n-et-b.org\/wp\/wp-json\/wp\/v2\/media?parent=1748"}],"curies":[{"name":"wp","href":"https:\/\/api.w.org\/{rel}","templated":true}]}}