{"id":24,"date":"2020-04-15T15:25:42","date_gmt":"2020-04-15T13:25:42","guid":{"rendered":"https:\/\/editions-n-et-b.org\/wp\/?page_id=24"},"modified":"2022-02-15T14:16:16","modified_gmt":"2022-02-15T13:16:16","slug":"mentions-legales","status":"publish","type":"page","link":"https:\/\/editions-n-et-b.org\/wp\/mentions-legales\/","title":{"rendered":"07 Mentions l\u00e9gales"},"content":{"rendered":"\t\t<div data-elementor-type=\"wp-page\" data-elementor-id=\"24\" class=\"elementor elementor-24\" data-elementor-settings=\"[]\">\n\t\t\t\t\t\t<div class=\"elementor-inner\">\n\t\t\t\t\t\t\t<div class=\"elementor-section-wrap\">\n\t\t\t\t\t\t\t<section class=\"elementor-section elementor-top-section elementor-element elementor-element-7892c1c elementor-section-boxed elementor-section-height-default elementor-section-height-default\" data-id=\"7892c1c\" data-element_type=\"section\">\n\t\t\t\t\t\t<div class=\"elementor-container elementor-column-gap-default\">\n\t\t\t\t\t\t\t<div class=\"elementor-row\">\n\t\t\t\t\t<div class=\"elementor-column elementor-col-100 elementor-top-column elementor-element elementor-element-24f68ae\" data-id=\"24f68ae\" data-element_type=\"column\">\n\t\t\t<div class=\"elementor-column-wrap elementor-element-populated\">\n\t\t\t\t\t\t\t<div class=\"elementor-widget-wrap\">\n\t\t\t\t\t\t<div class=\"elementor-element elementor-element-81da580 elementor-widget elementor-widget-heading\" data-id=\"81da580\" data-element_type=\"widget\" data-widget_type=\"heading.default\">\n\t\t\t\t<div class=\"elementor-widget-container\">\n\t\t\t<h5 class=\"elementor-heading-title elementor-size-default\">Mentions l\u00e9gales <\/h5>\t\t<\/div>\n\t\t\t\t<\/div>\n\t\t\t\t\t\t<\/div>\n\t\t\t\t\t<\/div>\n\t\t<\/div>\n\t\t\t\t\t\t\t\t<\/div>\n\t\t\t\t\t<\/div>\n\t\t<\/section>\n\t\t\t\t<section class=\"elementor-section elementor-top-section elementor-element elementor-element-c95b874 elementor-section-boxed elementor-section-height-default elementor-section-height-default\" data-id=\"c95b874\" data-element_type=\"section\">\n\t\t\t\t\t\t<div class=\"elementor-container elementor-column-gap-default\">\n\t\t\t\t\t\t\t<div class=\"elementor-row\">\n\t\t\t\t\t<div class=\"elementor-column elementor-col-100 elementor-top-column elementor-element elementor-element-71e3833\" data-id=\"71e3833\" data-element_type=\"column\">\n\t\t\t<div class=\"elementor-column-wrap elementor-element-populated\">\n\t\t\t\t\t\t\t<div class=\"elementor-widget-wrap\">\n\t\t\t\t\t\t<div class=\"elementor-element elementor-element-4bc06bd elementor-widget elementor-widget-text-editor\" data-id=\"4bc06bd\" data-element_type=\"widget\" data-widget_type=\"text-editor.default\">\n\t\t\t\t<div class=\"elementor-widget-container\">\n\t\t\t\t\t\t\t\t<div class=\"elementor-text-editor elementor-clearfix\">\n\t\t\t\t<p style=\"padding-left: 240px;\">Le site <strong>editions-n-et-b.org<\/strong> est \u00e9dit\u00e9 par :<\/p><p style=\"padding-left: 240px;\">N ET B EDITIONS<br \/>14 All\u00e9e des Agudes 31770 COLOMIERS<\/p><p style=\"padding-left: 240px;\">E-mail : nbeditions@free.fr<br \/>T\u00e9l\u00e9phone : 06 51 14 36 88<\/p><p style=\"padding-left: 240px;\">Association loi 1901<br \/>Siret N\u00b0 381 142 033 000 53<\/p><p style=\"padding-left: 240px;\">Pr\u00e9sident : Jean-Yves Drouin<\/p><p style=\"padding-left: 240px;\">Responsable publication : N ET B EDITIONS<\/p><p style=\"padding-left: 240px;\">H\u00e9bergeur : OVH &#8211; 2 rue kellermann 59053 ROUBAIX<\/p><p>\u00a0\u00a0<\/p>\t\t\t\t\t<\/div>\n\t\t\t\t\t\t<\/div>\n\t\t\t\t<\/div>\n\t\t\t\t\t\t<\/div>\n\t\t\t\t\t<\/div>\n\t\t<\/div>\n\t\t\t\t\t\t\t\t<\/div>\n\t\t\t\t\t<\/div>\n\t\t<\/section>\n\t\t\t\t<section class=\"elementor-section elementor-top-section elementor-element elementor-element-1274dca elementor-section-boxed elementor-section-height-default elementor-section-height-default\" data-id=\"1274dca\" data-element_type=\"section\">\n\t\t\t\t\t\t<div class=\"elementor-container elementor-column-gap-default\">\n\t\t\t\t\t\t\t<div class=\"elementor-row\">\n\t\t\t\t\t<div class=\"elementor-column elementor-col-100 elementor-top-column elementor-element elementor-element-5e57bc3\" data-id=\"5e57bc3\" data-element_type=\"column\">\n\t\t\t<div class=\"elementor-column-wrap elementor-element-populated\">\n\t\t\t\t\t\t\t<div class=\"elementor-widget-wrap\">\n\t\t\t\t\t\t<div class=\"elementor-element elementor-element-dc114ea elementor-widget elementor-widget-text-editor\" data-id=\"dc114ea\" data-element_type=\"widget\" data-widget_type=\"text-editor.default\">\n\t\t\t\t<div class=\"elementor-widget-container\">\n\t\t\t\t\t\t\t\t<div class=\"elementor-text-editor elementor-clearfix\">\n\t\t\t\t<p><strong>Mise en garde et responsabilit\u00e9<\/strong><\/p>\n<p>Le site editions-n-et-b.org met \u00e0 disposition des visiteurs du contenu informatif gratuit. Il est de la responsabilit\u00e9 du visiteur de s\u2019assurer de la pertinence des contenus propos\u00e9s. Le visiteur ne pourra pas tenir pour responsable l\u2019\u00e9diteur du site de toute utilisation des informations fournies.<\/p>\n<p>Les articles de ce site peuvent inclure des contenus int\u00e9gr\u00e9s (vid\u00e9os, images, articles\u2026). Le contenu int\u00e9gr\u00e9 depuis d\u2019autres sites se comporte de la m\u00eame mani\u00e8re que si le visiteur se rendait sur cet autre site. Ces sites web pourraient collecter des donn\u00e9es sur le visiteur, utiliser des cookies, embarquer des outils de suivis tiers, suivre ses interactions avec ces contenus embarqu\u00e9s si le visiteur dispose d\u2019un compte connect\u00e9 sur leur site web.<\/p>\n<p><strong>Droit d\u2019acc\u00e8s et de rectification<\/strong><\/p>\n<p>Le visiteur dispose d&rsquo;un droit d&rsquo;acc\u00e8s, de rectification, d&rsquo;opposition et de suppression des donn\u00e9es qui le concernent. Il peut exercer ce droit \u00e0 tout moment par courriel \u00e0 : nbeditions@free.fr.<\/p>\n<p><strong>Droit de propri\u00e9t\u00e9 intellectuelle<\/strong><\/p>\n<p>L\u2019ensemble des publications, textes, images et vid\u00e9os, pr\u00e9sent\u00e9s sur ce site appartiennent, sauf mention contraire, a editions-n-et-b.org, Il est interdit de les copier, reproduire ou redistribuer sous quelque forme que ce soit, \u00e0 moins d\u2019une autorisation pr\u00e9alable.<\/p>\n<p>Cr\u00e9dits photos vignettes page d&rsquo;accueil : <br><\/p><p>Dominique Fernandez \u2013 unsplash.com-Green Chameleon \u2013 pixabay.com-stux<\/p>\n<p><strong>Cookies<\/strong><\/p>\n<p>Le param\u00e9trage du logiciel de navigation permet d\u2019\u00eatre inform\u00e9 de la pr\u00e9sence du cookie et \u00e9ventuellement de le refuser. Le visiteur est inform\u00e9 que, lors de ses visites sur le site, un cookie peut s\u2019installer automatiquement sur son logiciel de navigation. Le cookie est un bloc de donn\u00e9es qui ne permet pas d\u2019identifier le visiteur ; en revanche, il enregistre des informations relatives \u00e0 la navigation de son ordinateur sur le site (les pages consult\u00e9es, la date et l\u2019heure de la consultation, etc.) que les Editions N&amp;B pourront lire lors de ses visites ult\u00e9rieures. <\/p>\n<p><strong>Statistiques et mesures d\u2019audience<\/strong><\/p>\n<p>Aucune donn\u00e9e personnelle n\u2019est utilis\u00e9e pour mesurer l\u2019audience.<\/p>\n<p><strong>Utilisation et transmission de vos donn\u00e9es personnelles<\/strong><\/p>\n<p>Vos donn\u00e9es personnelles ne sont utilis\u00e9es qu\u2019au moment de votre connexion. Aucune donn\u00e9e n\u2019est transmise \u00e0 des tiers. Les coordonn\u00e9es fournies \u00e0 la commande d\u2019un livre ne sont utilis\u00e9es que pour l\u2019envoi dudit livre et ne sont transmises \u00e0 aucun tiers.<\/p>\t\t\t\t\t<\/div>\n\t\t\t\t\t\t<\/div>\n\t\t\t\t<\/div>\n\t\t\t\t\t\t<\/div>\n\t\t\t\t\t<\/div>\n\t\t<\/div>\n\t\t\t\t\t\t\t\t<\/div>\n\t\t\t\t\t<\/div>\n\t\t<\/section>\n\t\t\t\t<section class=\"elementor-section elementor-top-section elementor-element elementor-element-73ee75c elementor-section-boxed elementor-section-height-default elementor-section-height-default\" data-id=\"73ee75c\" data-element_type=\"section\">\n\t\t\t\t\t\t<div class=\"elementor-container elementor-column-gap-default\">\n\t\t\t\t\t\t\t<div class=\"elementor-row\">\n\t\t\t\t\t<div class=\"elementor-column elementor-col-100 elementor-top-column elementor-element elementor-element-23d9152\" data-id=\"23d9152\" data-element_type=\"column\">\n\t\t\t<div class=\"elementor-column-wrap\">\n\t\t\t\t\t\t\t<div class=\"elementor-widget-wrap\">\n\t\t\t\t\t\t\t\t<\/div>\n\t\t\t\t\t<\/div>\n\t\t<\/div>\n\t\t\t\t\t\t\t\t<\/div>\n\t\t\t\t\t<\/div>\n\t\t<\/section>\n\t\t\t\t\t\t<\/div>\n\t\t\t\t\t\t<\/div>\n\t\t\t\t\t<\/div>\n\t\t","protected":false},"excerpt":{"rendered":"<p>Mentions l\u00e9gales Le site editions-n-et-b.org est \u00e9dit\u00e9 par : N ET B EDITIONS14 All\u00e9e des Agudes 31770 COLOMIERS E-mail : nbeditions@free.frT\u00e9l\u00e9phone : 06 51 14 36 88 Association loi 1901Siret N\u00b0 381 142 033 000 53 Pr\u00e9sident : Jean-Yves Drouin Responsable publication : N ET B EDITIONS H\u00e9bergeur : OVH &#8211; 2 rue kellermann 59053 [&hellip;]<\/p>\n","protected":false},"author":1,"featured_media":0,"parent":0,"menu_order":0,"comment_status":"closed","ping_status":"closed","template":"","meta":[],"_links":{"self":[{"href":"https:\/\/editions-n-et-b.org\/wp\/wp-json\/wp\/v2\/pages\/24"}],"collection":[{"href":"https:\/\/editions-n-et-b.org\/wp\/wp-json\/wp\/v2\/pages"}],"about":[{"href":"https:\/\/editions-n-et-b.org\/wp\/wp-json\/wp\/v2\/types\/page"}],"author":[{"embeddable":true,"href":"https:\/\/editions-n-et-b.org\/wp\/wp-json\/wp\/v2\/users\/1"}],"replies":[{"embeddable":true,"href":"https:\/\/editions-n-et-b.org\/wp\/wp-json\/wp\/v2\/comments?post=24"}],"version-history":[{"count":0,"href":"https:\/\/editions-n-et-b.org\/wp\/wp-json\/wp\/v2\/pages\/24\/revisions"}],"wp:attachment":[{"href":"https:\/\/editions-n-et-b.org\/wp\/wp-json\/wp\/v2\/media?parent=24"}],"curies":[{"name":"wp","href":"https:\/\/api.w.org\/{rel}","templated":true}]}}