{"id":4348,"date":"2022-01-04T13:12:07","date_gmt":"2022-01-04T12:12:07","guid":{"rendered":"https:\/\/editions-n-et-b.org\/wp\/?page_id=4348"},"modified":"2026-02-06T15:59:31","modified_gmt":"2026-02-06T14:59:31","slug":"le-bars-christian-waldsterben-le-desamour","status":"publish","type":"page","link":"https:\/\/editions-n-et-b.org\/wp\/le-bars-christian-waldsterben-le-desamour\/","title":{"rendered":"LE BARS Christian &#8211; WALDSTERBEN, LE D\u00c9SAMOUR"},"content":{"rendered":"\t\t<div data-elementor-type=\"wp-page\" data-elementor-id=\"4348\" class=\"elementor elementor-4348\" data-elementor-settings=\"[]\">\n\t\t\t\t\t\t<div class=\"elementor-inner\">\n\t\t\t\t\t\t\t<div class=\"elementor-section-wrap\">\n\t\t\t\t\t\t\t<section class=\"elementor-section elementor-top-section elementor-element elementor-element-3c26f2ec elementor-section-boxed elementor-section-height-default elementor-section-height-default\" data-id=\"3c26f2ec\" data-element_type=\"section\">\n\t\t\t\t\t\t<div class=\"elementor-container elementor-column-gap-default\">\n\t\t\t\t\t\t\t<div class=\"elementor-row\">\n\t\t\t\t\t<div class=\"elementor-column elementor-col-100 elementor-top-column elementor-element elementor-element-58d88799\" data-id=\"58d88799\" data-element_type=\"column\">\n\t\t\t<div class=\"elementor-column-wrap elementor-element-populated\">\n\t\t\t\t\t\t\t<div class=\"elementor-widget-wrap\">\n\t\t\t\t\t\t<div class=\"elementor-element elementor-element-5903602c elementor-widget elementor-widget-text-editor\" data-id=\"5903602c\" data-element_type=\"widget\" data-widget_type=\"text-editor.default\">\n\t\t\t\t<div class=\"elementor-widget-container\">\n\t\t\t\t\t\t\t\t<div class=\"elementor-text-editor elementor-clearfix\">\n\t\t\t\t<h1 style=\"text-align: center;\">WALDSTERBEN, LE D\u00c9SAMOUR \u2013 Christian Le Bars<\/h1>\t\t\t\t\t<\/div>\n\t\t\t\t\t\t<\/div>\n\t\t\t\t<\/div>\n\t\t\t\t\t\t<\/div>\n\t\t\t\t\t<\/div>\n\t\t<\/div>\n\t\t\t\t\t\t\t\t<\/div>\n\t\t\t\t\t<\/div>\n\t\t<\/section>\n\t\t\t\t<section class=\"elementor-section elementor-top-section elementor-element elementor-element-d76ca75 elementor-section-boxed elementor-section-height-default elementor-section-height-default\" data-id=\"d76ca75\" data-element_type=\"section\">\n\t\t\t\t\t\t<div class=\"elementor-container elementor-column-gap-default\">\n\t\t\t\t\t\t\t<div class=\"elementor-row\">\n\t\t\t\t\t<div class=\"elementor-column elementor-col-50 elementor-top-column elementor-element elementor-element-2ba26562\" data-id=\"2ba26562\" data-element_type=\"column\">\n\t\t\t<div class=\"elementor-column-wrap elementor-element-populated\">\n\t\t\t\t\t\t\t<div class=\"elementor-widget-wrap\">\n\t\t\t\t\t\t<div class=\"elementor-element elementor-element-138a92ef elementor-widget elementor-widget-image\" data-id=\"138a92ef\" data-element_type=\"widget\" data-widget_type=\"image.default\">\n\t\t\t\t<div class=\"elementor-widget-container\">\n\t\t\t\t\t\t\t\t<div class=\"elementor-image\">\n\t\t\t\t\t\t\t\t\t\t\t\t\t<a href=\"https:\/\/editions-n-et-b.org\/wp\/wp-content\/uploads\/2021\/12\/nb-le-bars.jpg\" data-elementor-open-lightbox=\"yes\">\n\t\t\t\t\t\t\t<img src=\"https:\/\/editions-n-et-b.org\/wp\/wp-content\/uploads\/elementor\/thumbs\/nb-le-bars-ph2m7awzi1k8xfl3etrhqy6q62q70rlqbrtw3prpqm.jpg\" title=\"N&#038;B LE BARS\" alt=\"N&amp;B LE BARS\" \/>\t\t\t\t\t\t\t\t<\/a>\n\t\t\t\t\t\t\t\t\t\t\t\t\t\t<\/div>\n\t\t\t\t\t\t<\/div>\n\t\t\t\t<\/div>\n\t\t\t\t<div class=\"elementor-element elementor-element-378f6be8 elementor-widget elementor-widget-text-editor\" data-id=\"378f6be8\" data-element_type=\"widget\" data-widget_type=\"text-editor.default\">\n\t\t\t\t<div class=\"elementor-widget-container\">\n\t\t\t\t\t\t\t\t<div class=\"elementor-text-editor elementor-clearfix\">\n\t\t\t\t<h4>2001 \u2013 54 pages \u2013 13 \u20ac<br>ISBN&nbsp; 978-2-911241-23-1<\/h4>\t\t\t\t\t<\/div>\n\t\t\t\t\t\t<\/div>\n\t\t\t\t<\/div>\n\t\t\t\t\t\t<\/div>\n\t\t\t\t\t<\/div>\n\t\t<\/div>\n\t\t\t\t<div class=\"elementor-column elementor-col-50 elementor-top-column elementor-element elementor-element-7f59764d\" data-id=\"7f59764d\" data-element_type=\"column\">\n\t\t\t<div class=\"elementor-column-wrap elementor-element-populated\">\n\t\t\t\t\t\t\t<div class=\"elementor-widget-wrap\">\n\t\t\t\t\t\t<div class=\"elementor-element elementor-element-275fb08a elementor-widget elementor-widget-text-editor\" data-id=\"275fb08a\" data-element_type=\"widget\" data-widget_type=\"text-editor.default\">\n\t\t\t\t<div class=\"elementor-widget-container\">\n\t\t\t\t\t\t\t\t<div class=\"elementor-text-editor elementor-clearfix\">\n\t\t\t\t<p><em>Waldsterben<\/em> c&rsquo;est le substantif allemand par lequel on d\u00e9signe un ph\u00e9nom\u00e8ne nouveau : le d\u00e9p\u00e9rissement des for\u00eats d\u00fb aux pluies acides.<\/p><p>Ce n\u00e9ologisme, <em>Waldsterben<\/em> \/mort de la for\u00eat, est beaucoup plus fort que l&rsquo;euph\u00e9misme fran\u00e7ais. Je l&rsquo;ai conserv\u00e9 non seulement pour parce qu&rsquo;il n&rsquo;a pas d&rsquo;\u00e9quivalent, mais aussi parce qu&rsquo;une partie du recueil (<em>Entre le vrai et le secret, 1<\/em>) a \u00e9t\u00e9 \u00e9crite \u00e0 Berlin, en r\u00e9sidence d&rsquo;\u00e9criture au \u00ab\u00a0Literarisches Colloquium Berlins\u00a0\u00bb, en 1989. J&rsquo;ajoute que j&rsquo;ai \u00e9tendu le sens de ce mot \u00e0 cette autre mort des for\u00eats que provoquent les incendies sur les rivages nord-m\u00e9diterran\u00e9ens.<\/p><p>La d\u00e9forestation n&rsquo;est pas \u00e0 proprement parler le th\u00e8me mais plut\u00f4t un pr\u00e9-texte pour sugg\u00e9rer qu&rsquo;\u00e0 l&rsquo;effrondement d&rsquo;\u00e9cosyst\u00e8mes caus\u00e9s par la soci\u00e9t\u00e9 industrielle correspondent des lignes de fracture psychiques pusique \u00ab\u00a0wenn der Wald stribt stribt die Seele\u00a0\u00bb.<\/p><p>Ce que l&rsquo;on peut transcrire par \u00ab\u00a0Waldsterben\u00a0 VS bois sacr\u00e9\u00a0\u00bb.<\/p>\t\t\t\t\t<\/div>\n\t\t\t\t\t\t<\/div>\n\t\t\t\t<\/div>\n\t\t\t\t<div class=\"elementor-element elementor-element-a6f442a elementor-widget elementor-widget-text-editor\" data-id=\"a6f442a\" data-element_type=\"widget\" data-widget_type=\"text-editor.default\">\n\t\t\t\t<div class=\"elementor-widget-container\">\n\t\t\t\t\t\t\t\t<div class=\"elementor-text-editor elementor-clearfix\">\n\t\t\t\t<p style=\"text-align: center;\"><em>Indisponible<\/em><\/p>\t\t\t\t\t<\/div>\n\t\t\t\t\t\t<\/div>\n\t\t\t\t<\/div>\n\t\t\t\t\t\t<\/div>\n\t\t\t\t\t<\/div>\n\t\t<\/div>\n\t\t\t\t\t\t\t\t<\/div>\n\t\t\t\t\t<\/div>\n\t\t<\/section>\n\t\t\t\t<section class=\"elementor-section elementor-top-section elementor-element elementor-element-60534d91 elementor-section-boxed elementor-section-height-default elementor-section-height-default\" data-id=\"60534d91\" data-element_type=\"section\">\n\t\t\t\t\t\t<div class=\"elementor-container elementor-column-gap-default\">\n\t\t\t\t\t\t\t<div class=\"elementor-row\">\n\t\t\t\t\t<div class=\"elementor-column elementor-col-100 elementor-top-column elementor-element elementor-element-4acac950\" data-id=\"4acac950\" data-element_type=\"column\">\n\t\t\t<div class=\"elementor-column-wrap\">\n\t\t\t\t\t\t\t<div class=\"elementor-widget-wrap\">\n\t\t\t\t\t\t\t\t<\/div>\n\t\t\t\t\t<\/div>\n\t\t<\/div>\n\t\t\t\t\t\t\t\t<\/div>\n\t\t\t\t\t<\/div>\n\t\t<\/section>\n\t\t\t\t<section class=\"elementor-section elementor-top-section elementor-element elementor-element-4c59ef9 elementor-section-boxed elementor-section-height-default elementor-section-height-default\" data-id=\"4c59ef9\" data-element_type=\"section\">\n\t\t\t\t\t\t<div class=\"elementor-container elementor-column-gap-default\">\n\t\t\t\t\t\t\t<div class=\"elementor-row\">\n\t\t\t\t\t<div class=\"elementor-column elementor-col-100 elementor-top-column elementor-element elementor-element-7790c8d\" data-id=\"7790c8d\" data-element_type=\"column\">\n\t\t\t<div class=\"elementor-column-wrap elementor-element-populated\">\n\t\t\t\t\t\t\t<div class=\"elementor-widget-wrap\">\n\t\t\t\t\t\t<div class=\"elementor-element elementor-element-5476e07 elementor-widget elementor-widget-text-editor\" data-id=\"5476e07\" data-element_type=\"widget\" data-widget_type=\"text-editor.default\">\n\t\t\t\t<div class=\"elementor-widget-container\">\n\t\t\t\t\t\t\t\t<div class=\"elementor-text-editor elementor-clearfix\">\n\t\t\t\t<p style=\"text-align: center;\"><em><span style=\"color: #333333;\">\u2666\u00a0 Publi\u00e9 avec le concours du Centre R\u00e9gional des Lettres de Midi- Pyr\u00e9n\u00e9es\u00a0 \u2666<\/span> <br \/><\/em><\/p>\t\t\t\t\t<\/div>\n\t\t\t\t\t\t<\/div>\n\t\t\t\t<\/div>\n\t\t\t\t\t\t<\/div>\n\t\t\t\t\t<\/div>\n\t\t<\/div>\n\t\t\t\t\t\t\t\t<\/div>\n\t\t\t\t\t<\/div>\n\t\t<\/section>\n\t\t\t\t<section class=\"elementor-section elementor-top-section elementor-element elementor-element-5fb77f6 elementor-section-boxed elementor-section-height-default elementor-section-height-default\" data-id=\"5fb77f6\" data-element_type=\"section\">\n\t\t\t\t\t\t<div class=\"elementor-container elementor-column-gap-default\">\n\t\t\t\t\t\t\t<div class=\"elementor-row\">\n\t\t\t\t\t<div class=\"elementor-column elementor-col-100 elementor-top-column elementor-element elementor-element-7fe165e\" data-id=\"7fe165e\" data-element_type=\"column\">\n\t\t\t<div class=\"elementor-column-wrap elementor-element-populated\">\n\t\t\t\t\t\t\t<div class=\"elementor-widget-wrap\">\n\t\t\t\t\t\t<div class=\"elementor-element elementor-element-6fb9581 elementor-widget-divider--view-line elementor-widget elementor-widget-divider\" data-id=\"6fb9581\" data-element_type=\"widget\" data-widget_type=\"divider.default\">\n\t\t\t\t<div class=\"elementor-widget-container\">\n\t\t\t\t\t<div class=\"elementor-divider\">\n\t\t\t<span class=\"elementor-divider-separator\">\n\t\t\t\t\t\t<\/span>\n\t\t<\/div>\n\t\t\t\t<\/div>\n\t\t\t\t<\/div>\n\t\t\t\t\t\t<\/div>\n\t\t\t\t\t<\/div>\n\t\t<\/div>\n\t\t\t\t\t\t\t\t<\/div>\n\t\t\t\t\t<\/div>\n\t\t<\/section>\n\t\t\t\t<section class=\"elementor-section elementor-top-section elementor-element elementor-element-723e95a4 elementor-section-boxed elementor-section-height-default elementor-section-height-default\" data-id=\"723e95a4\" data-element_type=\"section\">\n\t\t\t\t\t\t<div class=\"elementor-container elementor-column-gap-default\">\n\t\t\t\t\t\t\t<div class=\"elementor-row\">\n\t\t\t\t\t<div class=\"elementor-column elementor-col-100 elementor-top-column elementor-element elementor-element-50974351\" data-id=\"50974351\" data-element_type=\"column\">\n\t\t\t<div class=\"elementor-column-wrap elementor-element-populated\">\n\t\t\t\t\t\t\t<div class=\"elementor-widget-wrap\">\n\t\t\t\t\t\t<div class=\"elementor-element elementor-element-29a6fa03 elementor-widget elementor-widget-spacer\" data-id=\"29a6fa03\" data-element_type=\"widget\" data-widget_type=\"spacer.default\">\n\t\t\t\t<div class=\"elementor-widget-container\">\n\t\t\t\t\t<div class=\"elementor-spacer\">\n\t\t\t<div class=\"elementor-spacer-inner\"><\/div>\n\t\t<\/div>\n\t\t\t\t<\/div>\n\t\t\t\t<\/div>\n\t\t\t\t\t\t<\/div>\n\t\t\t\t\t<\/div>\n\t\t<\/div>\n\t\t\t\t\t\t\t\t<\/div>\n\t\t\t\t\t<\/div>\n\t\t<\/section>\n\t\t\t\t<section class=\"elementor-section elementor-top-section elementor-element elementor-element-4a3d33a elementor-section-boxed elementor-section-height-default elementor-section-height-default\" data-id=\"4a3d33a\" data-element_type=\"section\">\n\t\t\t\t\t\t<div class=\"elementor-container elementor-column-gap-default\">\n\t\t\t\t\t\t\t<div class=\"elementor-row\">\n\t\t\t\t\t<div class=\"elementor-column elementor-col-50 elementor-top-column elementor-element elementor-element-20bc7876\" data-id=\"20bc7876\" data-element_type=\"column\">\n\t\t\t<div class=\"elementor-column-wrap elementor-element-populated\">\n\t\t\t\t\t\t\t<div class=\"elementor-widget-wrap\">\n\t\t\t\t\t\t<div class=\"elementor-element elementor-element-1ec88df5 elementor-view-default elementor-widget elementor-widget-icon\" data-id=\"1ec88df5\" data-element_type=\"widget\" data-widget_type=\"icon.default\">\n\t\t\t\t<div class=\"elementor-widget-container\">\n\t\t\t\t\t<div class=\"elementor-icon-wrapper\">\n\t\t\t<a class=\"elementor-icon\" href=\"\/wp\/saint-julia-monique-claire-voie\/\">\n\t\t\t<i aria-hidden=\"true\" class=\"fas fa-angle-left\"><\/i>\t\t\t<\/a>\n\t\t<\/div>\n\t\t\t\t<\/div>\n\t\t\t\t<\/div>\n\t\t\t\t\t\t<\/div>\n\t\t\t\t\t<\/div>\n\t\t<\/div>\n\t\t\t\t<div class=\"elementor-column elementor-col-50 elementor-top-column elementor-element elementor-element-1ef254e4\" data-id=\"1ef254e4\" data-element_type=\"column\">\n\t\t\t<div class=\"elementor-column-wrap elementor-element-populated\">\n\t\t\t\t\t\t\t<div class=\"elementor-widget-wrap\">\n\t\t\t\t\t\t<div class=\"elementor-element elementor-element-579f4b3e elementor-view-default elementor-widget elementor-widget-icon\" data-id=\"579f4b3e\" data-element_type=\"widget\" data-widget_type=\"icon.default\">\n\t\t\t\t<div class=\"elementor-widget-container\">\n\t\t\t\t\t<div class=\"elementor-icon-wrapper\">\n\t\t\t<a class=\"elementor-icon\" href=\"\/wp\/glace-christian-taille-directe\/\">\n\t\t\t<i aria-hidden=\"true\" class=\"fas fa-angle-right\"><\/i>\t\t\t<\/a>\n\t\t<\/div>\n\t\t\t\t<\/div>\n\t\t\t\t<\/div>\n\t\t\t\t\t\t<\/div>\n\t\t\t\t\t<\/div>\n\t\t<\/div>\n\t\t\t\t\t\t\t\t<\/div>\n\t\t\t\t\t<\/div>\n\t\t<\/section>\n\t\t\t\t\t\t<\/div>\n\t\t\t\t\t\t<\/div>\n\t\t\t\t\t<\/div>\n\t\t","protected":false},"excerpt":{"rendered":"<p>WALDSTERBEN, LE D\u00c9SAMOUR \u2013 Christian Le Bars 2001 \u2013 54 pages \u2013 13 \u20acISBN&nbsp; 978-2-911241-23-1 Waldsterben c&rsquo;est le substantif allemand par lequel on d\u00e9signe un ph\u00e9nom\u00e8ne nouveau : le d\u00e9p\u00e9rissement des for\u00eats d\u00fb aux pluies acides. Ce n\u00e9ologisme, Waldsterben \/mort de la for\u00eat, est beaucoup plus fort que l&rsquo;euph\u00e9misme fran\u00e7ais. Je l&rsquo;ai conserv\u00e9 non seulement [&hellip;]<\/p>\n","protected":false},"author":1,"featured_media":0,"parent":0,"menu_order":0,"comment_status":"closed","ping_status":"closed","template":"","meta":[],"_links":{"self":[{"href":"https:\/\/editions-n-et-b.org\/wp\/wp-json\/wp\/v2\/pages\/4348"}],"collection":[{"href":"https:\/\/editions-n-et-b.org\/wp\/wp-json\/wp\/v2\/pages"}],"about":[{"href":"https:\/\/editions-n-et-b.org\/wp\/wp-json\/wp\/v2\/types\/page"}],"author":[{"embeddable":true,"href":"https:\/\/editions-n-et-b.org\/wp\/wp-json\/wp\/v2\/users\/1"}],"replies":[{"embeddable":true,"href":"https:\/\/editions-n-et-b.org\/wp\/wp-json\/wp\/v2\/comments?post=4348"}],"version-history":[{"count":3,"href":"https:\/\/editions-n-et-b.org\/wp\/wp-json\/wp\/v2\/pages\/4348\/revisions"}],"predecessor-version":[{"id":13111,"href":"https:\/\/editions-n-et-b.org\/wp\/wp-json\/wp\/v2\/pages\/4348\/revisions\/13111"}],"wp:attachment":[{"href":"https:\/\/editions-n-et-b.org\/wp\/wp-json\/wp\/v2\/media?parent=4348"}],"curies":[{"name":"wp","href":"https:\/\/api.w.org\/{rel}","templated":true}]}}